{"id":1117,"date":"2021-10-02T14:05:23","date_gmt":"2021-10-02T07:05:23","guid":{"rendered":"https:\/\/e-tranle.vn\/?page_id=1117"},"modified":"2021-10-29T22:28:25","modified_gmt":"2021-10-29T15:28:25","slug":"trang-chu","status":"publish","type":"page","link":"https:\/\/e-tranle.vn\/en\/","title":{"rendered":"Home"},"content":{"rendered":"","protected":false},"excerpt":{"rendered":"","protected":false},"author":1,"featured_media":1541,"parent":0,"menu_order":0,"comment_status":"closed","ping_status":"closed","template":"template_home.php","meta":{"footnotes":""},"class_list":["post-1117","page","type-page","status-publish","has-post-thumbnail","hentry"],"acf":[],"yoast_head":"<!-- This site is optimized with the Yoast SEO plugin v23.7 - https:\/\/yoast.com\/wordpress\/plugins\/seo\/ -->\n<title>K\u1ef9 thu\u1eadt \u0111i\u1ec7n Tr\u1ea7n L\u00ea - Gi\u1ea3i ph\u00e1p N\u0103ng L\u01b0\u1ee3ng \u0110i\u1ec7n<\/title>\n<meta name=\"description\" content=\"Nh\u00e0 th\u1ea7u EPC h\u1ec7 th\u1ed1ng \u0111i\u1ec7n C\u00f4ng nghi\u1ec7p, \u0111\u01b0\u1eddng d\u00e2y v\u00e0 Tr\u1ea1m bi\u1ebfn \u00e1p \u0111\u1ebfn c\u1ea5p 35kV, H\u1ec7 th\u1ed1ng \u0111i\u1ec7n n\u0103ng l\u01b0\u1ee3ng m\u1eb7t tr\u1eddi, s\u1ea3n xu\u1ea5t t\u1ee7 \u0111i\u1ec7n \u0111\u1ed9ng l\u1ef1c v\u00e0 \u0111i\u1ec1u khi\u1ec3n, ph\u00e2n ph\u1ed1i v\u1eadt t\u01b0, thi\u1ebft b\u1ecb ng\u00e0nh \u0111i\u1ec7n, \u0111\u00e8n trang tr\u00ed v\u00e0 chi\u1ebfu s\u00e1ng.\" \/>\n<meta name=\"robots\" content=\"index, follow, max-snippet:-1, max-image-preview:large, max-video-preview:-1\" \/>\n<link rel=\"canonical\" href=\"https:\/\/e-tranle.vn\/en\/\" \/>\n<meta property=\"og:locale\" content=\"en_US\" \/>\n<meta property=\"og:type\" content=\"article\" \/>\n<meta property=\"og:title\" content=\"K\u1ef9 thu\u1eadt \u0111i\u1ec7n Tr\u1ea7n L\u00ea - Gi\u1ea3i ph\u00e1p N\u0103ng L\u01b0\u1ee3ng \u0110i\u1ec7n\" \/>\n<meta property=\"og:description\" content=\"Nh\u00e0 th\u1ea7u EPC h\u1ec7 th\u1ed1ng \u0111i\u1ec7n C\u00f4ng nghi\u1ec7p, \u0111\u01b0\u1eddng d\u00e2y v\u00e0 Tr\u1ea1m bi\u1ebfn \u00e1p \u0111\u1ebfn c\u1ea5p 35kV, H\u1ec7 th\u1ed1ng \u0111i\u1ec7n n\u0103ng l\u01b0\u1ee3ng m\u1eb7t tr\u1eddi, s\u1ea3n xu\u1ea5t t\u1ee7 \u0111i\u1ec7n \u0111\u1ed9ng l\u1ef1c v\u00e0 \u0111i\u1ec1u khi\u1ec3n, ph\u00e2n ph\u1ed1i v\u1eadt t\u01b0, thi\u1ebft b\u1ecb ng\u00e0nh \u0111i\u1ec7n, \u0111\u00e8n trang tr\u00ed v\u00e0 chi\u1ebfu s\u00e1ng.\" \/>\n<meta property=\"og:url\" content=\"https:\/\/e-tranle.vn\/en\/\" \/>\n<meta property=\"og:site_name\" content=\"K\u1ef9 thu\u1eadt \u0111i\u1ec7n Tr\u1ea7n L\u00ea\" \/>\n<meta property=\"article:modified_time\" content=\"2021-10-29T15:28:25+00:00\" \/>\n<meta property=\"og:image\" content=\"https:\/\/e-tranle.vn\/wp-content\/uploads\/2021\/10\/logo_site.jpg\" \/>\n\t<meta property=\"og:image:width\" content=\"300\" \/>\n\t<meta property=\"og:image:height\" content=\"300\" \/>\n\t<meta property=\"og:image:type\" content=\"image\/jpeg\" \/>\n<meta name=\"twitter:card\" content=\"summary_large_image\" \/>\n<script type=\"application\/ld+json\" class=\"yoast-schema-graph\">{\"@context\":\"https:\/\/schema.org\",\"@graph\":[{\"@type\":\"WebPage\",\"@id\":\"https:\/\/e-tranle.vn\/en\/\",\"url\":\"https:\/\/e-tranle.vn\/en\/\",\"name\":\"K\u1ef9 thu\u1eadt \u0111i\u1ec7n Tr\u1ea7n L\u00ea - Gi\u1ea3i ph\u00e1p N\u0103ng L\u01b0\u1ee3ng \u0110i\u1ec7n\",\"isPartOf\":{\"@id\":\"https:\/\/e-tranle.vn\/en\/#website\"},\"primaryImageOfPage\":{\"@id\":\"https:\/\/e-tranle.vn\/en\/#primaryimage\"},\"image\":{\"@id\":\"https:\/\/e-tranle.vn\/en\/#primaryimage\"},\"thumbnailUrl\":\"https:\/\/e-tranle.vn\/wp-content\/uploads\/2021\/10\/logo_site.jpg\",\"datePublished\":\"2021-10-02T07:05:23+00:00\",\"dateModified\":\"2021-10-29T15:28:25+00:00\",\"description\":\"Nh\u00e0 th\u1ea7u EPC h\u1ec7 th\u1ed1ng \u0111i\u1ec7n C\u00f4ng nghi\u1ec7p, \u0111\u01b0\u1eddng d\u00e2y v\u00e0 Tr\u1ea1m bi\u1ebfn \u00e1p \u0111\u1ebfn c\u1ea5p 35kV, H\u1ec7 th\u1ed1ng \u0111i\u1ec7n n\u0103ng l\u01b0\u1ee3ng m\u1eb7t tr\u1eddi, s\u1ea3n xu\u1ea5t t\u1ee7 \u0111i\u1ec7n \u0111\u1ed9ng l\u1ef1c v\u00e0 \u0111i\u1ec1u khi\u1ec3n, ph\u00e2n ph\u1ed1i v\u1eadt t\u01b0, thi\u1ebft b\u1ecb ng\u00e0nh \u0111i\u1ec7n, \u0111\u00e8n trang tr\u00ed v\u00e0 chi\u1ebfu s\u00e1ng.\",\"breadcrumb\":{\"@id\":\"https:\/\/e-tranle.vn\/en\/#breadcrumb\"},\"inLanguage\":\"en-US\",\"potentialAction\":[{\"@type\":\"ReadAction\",\"target\":[\"https:\/\/e-tranle.vn\/en\/\"]}]},{\"@type\":\"ImageObject\",\"inLanguage\":\"en-US\",\"@id\":\"https:\/\/e-tranle.vn\/en\/#primaryimage\",\"url\":\"https:\/\/e-tranle.vn\/wp-content\/uploads\/2021\/10\/logo_site.jpg\",\"contentUrl\":\"https:\/\/e-tranle.vn\/wp-content\/uploads\/2021\/10\/logo_site.jpg\",\"width\":300,\"height\":300},{\"@type\":\"BreadcrumbList\",\"@id\":\"https:\/\/e-tranle.vn\/en\/#breadcrumb\",\"itemListElement\":[{\"@type\":\"ListItem\",\"position\":1,\"name\":\"Home\",\"item\":\"https:\/\/e-tranle.vn\/en\/\"},{\"@type\":\"ListItem\",\"position\":2,\"name\":\"Home\"}]},{\"@type\":\"WebSite\",\"@id\":\"https:\/\/e-tranle.vn\/en\/#website\",\"url\":\"https:\/\/e-tranle.vn\/en\/\",\"name\":\"K\u1ef9 thu\u1eadt \u0111i\u1ec7n Tr\u1ea7n L\u00ea\",\"description\":\"Gi\u1ea3i ph\u00e1p N\u0103ng L\u01b0\u1ee3ng \u0110i\u1ec7n\",\"publisher\":{\"@id\":\"https:\/\/e-tranle.vn\/en\/#organization\"},\"potentialAction\":[{\"@type\":\"SearchAction\",\"target\":{\"@type\":\"EntryPoint\",\"urlTemplate\":\"https:\/\/e-tranle.vn\/en\/?s={search_term_string}\"},\"query-input\":{\"@type\":\"PropertyValueSpecification\",\"valueRequired\":true,\"valueName\":\"search_term_string\"}}],\"inLanguage\":\"en-US\"},{\"@type\":\"Organization\",\"@id\":\"https:\/\/e-tranle.vn\/en\/#organization\",\"name\":\"K\u1ef9 thu\u1eadt \u0111i\u1ec7n Tr\u1ea7n L\u00ea\",\"url\":\"https:\/\/e-tranle.vn\/en\/\",\"logo\":{\"@type\":\"ImageObject\",\"inLanguage\":\"en-US\",\"@id\":\"https:\/\/e-tranle.vn\/en\/#\/schema\/logo\/image\/\",\"url\":\"https:\/\/e-tranle.vn\/wp-content\/uploads\/2021\/11\/logo.png\",\"contentUrl\":\"https:\/\/e-tranle.vn\/wp-content\/uploads\/2021\/11\/logo.png\",\"width\":204,\"height\":60,\"caption\":\"K\u1ef9 thu\u1eadt \u0111i\u1ec7n Tr\u1ea7n L\u00ea\"},\"image\":{\"@id\":\"https:\/\/e-tranle.vn\/en\/#\/schema\/logo\/image\/\"}}]}<\/script>\n<!-- \/ Yoast SEO plugin. -->","yoast_head_json":{"title":"K\u1ef9 thu\u1eadt \u0111i\u1ec7n Tr\u1ea7n L\u00ea - Gi\u1ea3i ph\u00e1p N\u0103ng L\u01b0\u1ee3ng \u0110i\u1ec7n","description":"Nh\u00e0 th\u1ea7u EPC h\u1ec7 th\u1ed1ng \u0111i\u1ec7n C\u00f4ng nghi\u1ec7p, \u0111\u01b0\u1eddng d\u00e2y v\u00e0 Tr\u1ea1m bi\u1ebfn \u00e1p \u0111\u1ebfn c\u1ea5p 35kV, H\u1ec7 th\u1ed1ng \u0111i\u1ec7n n\u0103ng l\u01b0\u1ee3ng m\u1eb7t tr\u1eddi, s\u1ea3n xu\u1ea5t t\u1ee7 \u0111i\u1ec7n \u0111\u1ed9ng l\u1ef1c v\u00e0 \u0111i\u1ec1u khi\u1ec3n, ph\u00e2n ph\u1ed1i v\u1eadt t\u01b0, thi\u1ebft b\u1ecb ng\u00e0nh \u0111i\u1ec7n, \u0111\u00e8n trang tr\u00ed v\u00e0 chi\u1ebfu s\u00e1ng.","robots":{"index":"index","follow":"follow","max-snippet":"max-snippet:-1","max-image-preview":"max-image-preview:large","max-video-preview":"max-video-preview:-1"},"canonical":"https:\/\/e-tranle.vn\/en\/","og_locale":"en_US","og_type":"article","og_title":"K\u1ef9 thu\u1eadt \u0111i\u1ec7n Tr\u1ea7n L\u00ea - Gi\u1ea3i ph\u00e1p N\u0103ng L\u01b0\u1ee3ng \u0110i\u1ec7n","og_description":"Nh\u00e0 th\u1ea7u EPC h\u1ec7 th\u1ed1ng \u0111i\u1ec7n C\u00f4ng nghi\u1ec7p, \u0111\u01b0\u1eddng d\u00e2y v\u00e0 Tr\u1ea1m bi\u1ebfn \u00e1p \u0111\u1ebfn c\u1ea5p 35kV, H\u1ec7 th\u1ed1ng \u0111i\u1ec7n n\u0103ng l\u01b0\u1ee3ng m\u1eb7t tr\u1eddi, s\u1ea3n xu\u1ea5t t\u1ee7 \u0111i\u1ec7n \u0111\u1ed9ng l\u1ef1c v\u00e0 \u0111i\u1ec1u khi\u1ec3n, ph\u00e2n ph\u1ed1i v\u1eadt t\u01b0, thi\u1ebft b\u1ecb ng\u00e0nh \u0111i\u1ec7n, \u0111\u00e8n trang tr\u00ed v\u00e0 chi\u1ebfu s\u00e1ng.","og_url":"https:\/\/e-tranle.vn\/en\/","og_site_name":"K\u1ef9 thu\u1eadt \u0111i\u1ec7n Tr\u1ea7n L\u00ea","article_modified_time":"2021-10-29T15:28:25+00:00","og_image":[{"width":300,"height":300,"url":"https:\/\/e-tranle.vn\/wp-content\/uploads\/2021\/10\/logo_site.jpg","type":"image\/jpeg"}],"twitter_card":"summary_large_image","schema":{"@context":"https:\/\/schema.org","@graph":[{"@type":"WebPage","@id":"https:\/\/e-tranle.vn\/en\/","url":"https:\/\/e-tranle.vn\/en\/","name":"K\u1ef9 thu\u1eadt \u0111i\u1ec7n Tr\u1ea7n L\u00ea - Gi\u1ea3i ph\u00e1p N\u0103ng L\u01b0\u1ee3ng \u0110i\u1ec7n","isPartOf":{"@id":"https:\/\/e-tranle.vn\/en\/#website"},"primaryImageOfPage":{"@id":"https:\/\/e-tranle.vn\/en\/#primaryimage"},"image":{"@id":"https:\/\/e-tranle.vn\/en\/#primaryimage"},"thumbnailUrl":"https:\/\/e-tranle.vn\/wp-content\/uploads\/2021\/10\/logo_site.jpg","datePublished":"2021-10-02T07:05:23+00:00","dateModified":"2021-10-29T15:28:25+00:00","description":"Nh\u00e0 th\u1ea7u EPC h\u1ec7 th\u1ed1ng \u0111i\u1ec7n C\u00f4ng nghi\u1ec7p, \u0111\u01b0\u1eddng d\u00e2y v\u00e0 Tr\u1ea1m bi\u1ebfn \u00e1p \u0111\u1ebfn c\u1ea5p 35kV, H\u1ec7 th\u1ed1ng \u0111i\u1ec7n n\u0103ng l\u01b0\u1ee3ng m\u1eb7t tr\u1eddi, s\u1ea3n xu\u1ea5t t\u1ee7 \u0111i\u1ec7n \u0111\u1ed9ng l\u1ef1c v\u00e0 \u0111i\u1ec1u khi\u1ec3n, ph\u00e2n ph\u1ed1i v\u1eadt t\u01b0, thi\u1ebft b\u1ecb ng\u00e0nh \u0111i\u1ec7n, \u0111\u00e8n trang tr\u00ed v\u00e0 chi\u1ebfu s\u00e1ng.","breadcrumb":{"@id":"https:\/\/e-tranle.vn\/en\/#breadcrumb"},"inLanguage":"en-US","potentialAction":[{"@type":"ReadAction","target":["https:\/\/e-tranle.vn\/en\/"]}]},{"@type":"ImageObject","inLanguage":"en-US","@id":"https:\/\/e-tranle.vn\/en\/#primaryimage","url":"https:\/\/e-tranle.vn\/wp-content\/uploads\/2021\/10\/logo_site.jpg","contentUrl":"https:\/\/e-tranle.vn\/wp-content\/uploads\/2021\/10\/logo_site.jpg","width":300,"height":300},{"@type":"BreadcrumbList","@id":"https:\/\/e-tranle.vn\/en\/#breadcrumb","itemListElement":[{"@type":"ListItem","position":1,"name":"Home","item":"https:\/\/e-tranle.vn\/en\/"},{"@type":"ListItem","position":2,"name":"Home"}]},{"@type":"WebSite","@id":"https:\/\/e-tranle.vn\/en\/#website","url":"https:\/\/e-tranle.vn\/en\/","name":"K\u1ef9 thu\u1eadt \u0111i\u1ec7n Tr\u1ea7n L\u00ea","description":"Gi\u1ea3i ph\u00e1p N\u0103ng L\u01b0\u1ee3ng \u0110i\u1ec7n","publisher":{"@id":"https:\/\/e-tranle.vn\/en\/#organization"},"potentialAction":[{"@type":"SearchAction","target":{"@type":"EntryPoint","urlTemplate":"https:\/\/e-tranle.vn\/en\/?s={search_term_string}"},"query-input":{"@type":"PropertyValueSpecification","valueRequired":true,"valueName":"search_term_string"}}],"inLanguage":"en-US"},{"@type":"Organization","@id":"https:\/\/e-tranle.vn\/en\/#organization","name":"K\u1ef9 thu\u1eadt \u0111i\u1ec7n Tr\u1ea7n L\u00ea","url":"https:\/\/e-tranle.vn\/en\/","logo":{"@type":"ImageObject","inLanguage":"en-US","@id":"https:\/\/e-tranle.vn\/en\/#\/schema\/logo\/image\/","url":"https:\/\/e-tranle.vn\/wp-content\/uploads\/2021\/11\/logo.png","contentUrl":"https:\/\/e-tranle.vn\/wp-content\/uploads\/2021\/11\/logo.png","width":204,"height":60,"caption":"K\u1ef9 thu\u1eadt \u0111i\u1ec7n Tr\u1ea7n L\u00ea"},"image":{"@id":"https:\/\/e-tranle.vn\/en\/#\/schema\/logo\/image\/"}}]}},"_links":{"self":[{"href":"https:\/\/e-tranle.vn\/en\/wp-json\/wp\/v2\/pages\/1117","targetHints":{"allow":["GET"]}}],"collection":[{"href":"https:\/\/e-tranle.vn\/en\/wp-json\/wp\/v2\/pages"}],"about":[{"href":"https:\/\/e-tranle.vn\/en\/wp-json\/wp\/v2\/types\/page"}],"author":[{"embeddable":true,"href":"https:\/\/e-tranle.vn\/en\/wp-json\/wp\/v2\/users\/1"}],"replies":[{"embeddable":true,"href":"https:\/\/e-tranle.vn\/en\/wp-json\/wp\/v2\/comments?post=1117"}],"version-history":[{"count":0,"href":"https:\/\/e-tranle.vn\/en\/wp-json\/wp\/v2\/pages\/1117\/revisions"}],"wp:featuredmedia":[{"embeddable":true,"href":"https:\/\/e-tranle.vn\/en\/wp-json\/wp\/v2\/media\/1541"}],"wp:attachment":[{"href":"https:\/\/e-tranle.vn\/en\/wp-json\/wp\/v2\/media?parent=1117"}],"curies":[{"name":"wp","href":"https:\/\/api.w.org\/{rel}","templated":true}]}}