{"id":2240,"date":"2021-10-13T11:27:53","date_gmt":"2021-10-13T04:27:53","guid":{"rendered":"https:\/\/e-tranle.vn\/san-pham\/inverter-fronius-symo-5-20kw\/"},"modified":"2022-04-23T15:08:23","modified_gmt":"2022-04-23T08:08:23","slug":"inverter-fronius-symo-5-20kw","status":"publish","type":"product","link":"https:\/\/e-tranle.vn\/en\/product\/inverter-fronius-symo-5-20kw\/","title":{"rendered":"INVERTER FRONIUS SYMO 5-20KW"},"content":{"rendered":"<p>Inverter Fronius Symo 5-20kW\u00a0with capacity from \u00a05kW &#8211; 20kW. This 3-phase, transformerless inverter is suitable for solar power systems from residential to industrial.<\/p>\n<p>Thanks to the SuperFlex design, the Fronius Symo is the perfect solution for solar arrays with many different mounting directions and shapes.<\/p>\n<p>WLAN or Ethernet internet connection as standard. Easy integration of third-party components makes the Fronius Symo one of the most versatile communication inverters on the market. Furthermore, the meter interface allows dynamic feed management and a clear display of consumption.<\/p>\n<p><strong>Advantages of \u00a0Inverter Fronius Symo 5-20kW:<\/strong><\/p>\n<ul>\n<li>Wide input voltage range from 150V \u2013 1000V.<\/li>\n<li>Integrated 02 sets of MPP trackers with MPP operating voltage range from 150 &#8211; 800V.<\/li>\n<li>Connect to the grid 3 phase 400\/230V, 3 phase 380\/220V.<\/li>\n<li>Easy to construct and install with a weight of 19.9kg &#8211; 28.9kg.<\/li>\n<li>Inverter design without transformer.<\/li>\n<li>SnapINverter design makes installation and maintenance easier than ever.<\/li>\n<li>IP66 waterproof standard helps Fronius Primo work well even when installed outdoors.<\/li>\n<li>Maximum efficiency up to 98.1%.Contact\u00a0with\u00a0usfor advice and product quotation\u00a0Inverter Fronius Symo 5kW \u2013 20kW.<\/li>\n<\/ul>\n","protected":false},"excerpt":{"rendered":"<p>INVERTER FRONIUS SYMO 5-20KW 3 Phase with capacity from 5kW to 20kW. Products suitable for residential and industrial solar power systems<\/p>\n","protected":false},"featured_media":2241,"comment_status":"open","ping_status":"closed","template":"","meta":[],"product_cat":[137],"product_tag":[189,162,161,160,169,165],"class_list":{"0":"post-2240","1":"product","2":"type-product","3":"status-publish","4":"has-post-thumbnail","6":"product_cat-solar-inverter","7":"product_tag-inverter-3-pha-fronius-en","8":"product_tag-inverter-hoa-luoi-3-pha-10kw-en","9":"product_tag-inverter-hoa-luoi-3-pha-15kw-en","10":"product_tag-inverter-hoa-luoi-3-pha-17kw-en","11":"product_tag-inverter-hoa-luoi-3pha-20kw-en","12":"product_tag-inverter-hoa-luoi-3pha-5kw-en","14":"first","15":"instock","16":"shipping-taxable","17":"product-type-simple"},"acf":[],"yoast_head":"<!-- This site is optimized with the Yoast SEO plugin v23.7 - https:\/\/yoast.com\/wordpress\/plugins\/seo\/ -->\n<title>INVERTER FRONIUS SYMO 5-20KW - K\u1ef9 thu\u1eadt \u0111i\u1ec7n Tr\u1ea7n L\u00ea<\/title>\n<meta name=\"description\" content=\"INVERTER FRONIUS SYMO 5-20KW 3 Pha c\u00f3 c\u00f4ng su\u1ea5t t\u1eeb 5kW \u0111\u1ebfn 20kW. S\u1ea3n ph\u1ea9m ph\u00f9 h\u1ee3p cho c\u00e1c h\u1ec7 \u0111i\u1ec7n n\u0103ng l\u01b0\u1ee3ng m\u1eb7t tr\u1eddi d\u00e2n d\u1ee5ng v\u00e0 c\u00f4ng nghi\u1ec7p\" \/>\n<meta name=\"robots\" content=\"index, follow, max-snippet:-1, max-image-preview:large, max-video-preview:-1\" \/>\n<link rel=\"canonical\" href=\"https:\/\/e-tranle.vn\/en\/product\/inverter-fronius-symo-5-20kw\/\" \/>\n<meta property=\"og:locale\" content=\"en_US\" \/>\n<meta property=\"og:type\" content=\"article\" \/>\n<meta property=\"og:title\" content=\"INVERTER FRONIUS SYMO 5-20KW - K\u1ef9 thu\u1eadt \u0111i\u1ec7n Tr\u1ea7n L\u00ea\" \/>\n<meta property=\"og:description\" content=\"INVERTER FRONIUS SYMO 5-20KW 3 Pha c\u00f3 c\u00f4ng su\u1ea5t t\u1eeb 5kW \u0111\u1ebfn 20kW. S\u1ea3n ph\u1ea9m ph\u00f9 h\u1ee3p cho c\u00e1c h\u1ec7 \u0111i\u1ec7n n\u0103ng l\u01b0\u1ee3ng m\u1eb7t tr\u1eddi d\u00e2n d\u1ee5ng v\u00e0 c\u00f4ng nghi\u1ec7p\" \/>\n<meta property=\"og:url\" content=\"https:\/\/e-tranle.vn\/en\/product\/inverter-fronius-symo-5-20kw\/\" \/>\n<meta property=\"og:site_name\" content=\"K\u1ef9 thu\u1eadt \u0111i\u1ec7n Tr\u1ea7n L\u00ea\" \/>\n<meta property=\"article:modified_time\" content=\"2022-04-23T08:08:23+00:00\" \/>\n<meta property=\"og:image\" content=\"https:\/\/e-tranle.vn\/wp-content\/uploads\/2021\/10\/Fronius-Symo.jpg\" \/>\n\t<meta property=\"og:image:width\" content=\"600\" \/>\n\t<meta property=\"og:image:height\" content=\"600\" \/>\n\t<meta property=\"og:image:type\" content=\"image\/jpeg\" \/>\n<meta name=\"twitter:card\" content=\"summary_large_image\" \/>\n<meta name=\"twitter:label1\" content=\"Est. reading time\" \/>\n\t<meta name=\"twitter:data1\" content=\"1 minute\" \/>\n<script type=\"application\/ld+json\" class=\"yoast-schema-graph\">{\"@context\":\"https:\/\/schema.org\",\"@graph\":[{\"@type\":\"WebPage\",\"@id\":\"https:\/\/e-tranle.vn\/en\/product\/inverter-fronius-symo-5-20kw\/\",\"url\":\"https:\/\/e-tranle.vn\/en\/product\/inverter-fronius-symo-5-20kw\/\",\"name\":\"INVERTER FRONIUS SYMO 5-20KW - K\u1ef9 thu\u1eadt \u0111i\u1ec7n Tr\u1ea7n L\u00ea\",\"isPartOf\":{\"@id\":\"https:\/\/e-tranle.vn\/en\/#website\"},\"primaryImageOfPage\":{\"@id\":\"https:\/\/e-tranle.vn\/en\/product\/inverter-fronius-symo-5-20kw\/#primaryimage\"},\"image\":{\"@id\":\"https:\/\/e-tranle.vn\/en\/product\/inverter-fronius-symo-5-20kw\/#primaryimage\"},\"thumbnailUrl\":\"https:\/\/e-tranle.vn\/wp-content\/uploads\/2021\/10\/Fronius-Symo.jpg\",\"datePublished\":\"2021-10-13T04:27:53+00:00\",\"dateModified\":\"2022-04-23T08:08:23+00:00\",\"description\":\"INVERTER FRONIUS SYMO 5-20KW 3 Pha c\u00f3 c\u00f4ng su\u1ea5t t\u1eeb 5kW \u0111\u1ebfn 20kW. S\u1ea3n ph\u1ea9m ph\u00f9 h\u1ee3p cho c\u00e1c h\u1ec7 \u0111i\u1ec7n n\u0103ng l\u01b0\u1ee3ng m\u1eb7t tr\u1eddi d\u00e2n d\u1ee5ng v\u00e0 c\u00f4ng nghi\u1ec7p\",\"breadcrumb\":{\"@id\":\"https:\/\/e-tranle.vn\/en\/product\/inverter-fronius-symo-5-20kw\/#breadcrumb\"},\"inLanguage\":\"en-US\",\"potentialAction\":[{\"@type\":\"ReadAction\",\"target\":[\"https:\/\/e-tranle.vn\/en\/product\/inverter-fronius-symo-5-20kw\/\"]}]},{\"@type\":\"ImageObject\",\"inLanguage\":\"en-US\",\"@id\":\"https:\/\/e-tranle.vn\/en\/product\/inverter-fronius-symo-5-20kw\/#primaryimage\",\"url\":\"https:\/\/e-tranle.vn\/wp-content\/uploads\/2021\/10\/Fronius-Symo.jpg\",\"contentUrl\":\"https:\/\/e-tranle.vn\/wp-content\/uploads\/2021\/10\/Fronius-Symo.jpg\",\"width\":600,\"height\":600},{\"@type\":\"BreadcrumbList\",\"@id\":\"https:\/\/e-tranle.vn\/en\/product\/inverter-fronius-symo-5-20kw\/#breadcrumb\",\"itemListElement\":[{\"@type\":\"ListItem\",\"position\":1,\"name\":\"Home\",\"item\":\"https:\/\/e-tranle.vn\/en\/\"},{\"@type\":\"ListItem\",\"position\":2,\"name\":\"Products\",\"item\":\"https:\/\/e-tranle.vn\/en\/products\/\"},{\"@type\":\"ListItem\",\"position\":3,\"name\":\"INVERTER FRONIUS SYMO 5-20KW\"}]},{\"@type\":\"WebSite\",\"@id\":\"https:\/\/e-tranle.vn\/en\/#website\",\"url\":\"https:\/\/e-tranle.vn\/en\/\",\"name\":\"K\u1ef9 thu\u1eadt \u0111i\u1ec7n Tr\u1ea7n L\u00ea\",\"description\":\"Gi\u1ea3i ph\u00e1p N\u0103ng L\u01b0\u1ee3ng \u0110i\u1ec7n\",\"publisher\":{\"@id\":\"https:\/\/e-tranle.vn\/en\/#organization\"},\"potentialAction\":[{\"@type\":\"SearchAction\",\"target\":{\"@type\":\"EntryPoint\",\"urlTemplate\":\"https:\/\/e-tranle.vn\/en\/?s={search_term_string}\"},\"query-input\":{\"@type\":\"PropertyValueSpecification\",\"valueRequired\":true,\"valueName\":\"search_term_string\"}}],\"inLanguage\":\"en-US\"},{\"@type\":\"Organization\",\"@id\":\"https:\/\/e-tranle.vn\/en\/#organization\",\"name\":\"K\u1ef9 thu\u1eadt \u0111i\u1ec7n Tr\u1ea7n L\u00ea\",\"url\":\"https:\/\/e-tranle.vn\/en\/\",\"logo\":{\"@type\":\"ImageObject\",\"inLanguage\":\"en-US\",\"@id\":\"https:\/\/e-tranle.vn\/en\/#\/schema\/logo\/image\/\",\"url\":\"https:\/\/e-tranle.vn\/wp-content\/uploads\/2021\/11\/logo.png\",\"contentUrl\":\"https:\/\/e-tranle.vn\/wp-content\/uploads\/2021\/11\/logo.png\",\"width\":204,\"height\":60,\"caption\":\"K\u1ef9 thu\u1eadt \u0111i\u1ec7n Tr\u1ea7n L\u00ea\"},\"image\":{\"@id\":\"https:\/\/e-tranle.vn\/en\/#\/schema\/logo\/image\/\"}}]}<\/script>\n<!-- \/ Yoast SEO plugin. -->","yoast_head_json":{"title":"INVERTER FRONIUS SYMO 5-20KW - K\u1ef9 thu\u1eadt \u0111i\u1ec7n Tr\u1ea7n L\u00ea","description":"INVERTER FRONIUS SYMO 5-20KW 3 Pha c\u00f3 c\u00f4ng su\u1ea5t t\u1eeb 5kW \u0111\u1ebfn 20kW. S\u1ea3n ph\u1ea9m ph\u00f9 h\u1ee3p cho c\u00e1c h\u1ec7 \u0111i\u1ec7n n\u0103ng l\u01b0\u1ee3ng m\u1eb7t tr\u1eddi d\u00e2n d\u1ee5ng v\u00e0 c\u00f4ng nghi\u1ec7p","robots":{"index":"index","follow":"follow","max-snippet":"max-snippet:-1","max-image-preview":"max-image-preview:large","max-video-preview":"max-video-preview:-1"},"canonical":"https:\/\/e-tranle.vn\/en\/product\/inverter-fronius-symo-5-20kw\/","og_locale":"en_US","og_type":"article","og_title":"INVERTER FRONIUS SYMO 5-20KW - K\u1ef9 thu\u1eadt \u0111i\u1ec7n Tr\u1ea7n L\u00ea","og_description":"INVERTER FRONIUS SYMO 5-20KW 3 Pha c\u00f3 c\u00f4ng su\u1ea5t t\u1eeb 5kW \u0111\u1ebfn 20kW. S\u1ea3n ph\u1ea9m ph\u00f9 h\u1ee3p cho c\u00e1c h\u1ec7 \u0111i\u1ec7n n\u0103ng l\u01b0\u1ee3ng m\u1eb7t tr\u1eddi d\u00e2n d\u1ee5ng v\u00e0 c\u00f4ng nghi\u1ec7p","og_url":"https:\/\/e-tranle.vn\/en\/product\/inverter-fronius-symo-5-20kw\/","og_site_name":"K\u1ef9 thu\u1eadt \u0111i\u1ec7n Tr\u1ea7n L\u00ea","article_modified_time":"2022-04-23T08:08:23+00:00","og_image":[{"width":600,"height":600,"url":"https:\/\/e-tranle.vn\/wp-content\/uploads\/2021\/10\/Fronius-Symo.jpg","type":"image\/jpeg"}],"twitter_card":"summary_large_image","twitter_misc":{"Est. reading time":"1 minute"},"schema":{"@context":"https:\/\/schema.org","@graph":[{"@type":"WebPage","@id":"https:\/\/e-tranle.vn\/en\/product\/inverter-fronius-symo-5-20kw\/","url":"https:\/\/e-tranle.vn\/en\/product\/inverter-fronius-symo-5-20kw\/","name":"INVERTER FRONIUS SYMO 5-20KW - K\u1ef9 thu\u1eadt \u0111i\u1ec7n Tr\u1ea7n L\u00ea","isPartOf":{"@id":"https:\/\/e-tranle.vn\/en\/#website"},"primaryImageOfPage":{"@id":"https:\/\/e-tranle.vn\/en\/product\/inverter-fronius-symo-5-20kw\/#primaryimage"},"image":{"@id":"https:\/\/e-tranle.vn\/en\/product\/inverter-fronius-symo-5-20kw\/#primaryimage"},"thumbnailUrl":"https:\/\/e-tranle.vn\/wp-content\/uploads\/2021\/10\/Fronius-Symo.jpg","datePublished":"2021-10-13T04:27:53+00:00","dateModified":"2022-04-23T08:08:23+00:00","description":"INVERTER FRONIUS SYMO 5-20KW 3 Pha c\u00f3 c\u00f4ng su\u1ea5t t\u1eeb 5kW \u0111\u1ebfn 20kW. S\u1ea3n ph\u1ea9m ph\u00f9 h\u1ee3p cho c\u00e1c h\u1ec7 \u0111i\u1ec7n n\u0103ng l\u01b0\u1ee3ng m\u1eb7t tr\u1eddi d\u00e2n d\u1ee5ng v\u00e0 c\u00f4ng nghi\u1ec7p","breadcrumb":{"@id":"https:\/\/e-tranle.vn\/en\/product\/inverter-fronius-symo-5-20kw\/#breadcrumb"},"inLanguage":"en-US","potentialAction":[{"@type":"ReadAction","target":["https:\/\/e-tranle.vn\/en\/product\/inverter-fronius-symo-5-20kw\/"]}]},{"@type":"ImageObject","inLanguage":"en-US","@id":"https:\/\/e-tranle.vn\/en\/product\/inverter-fronius-symo-5-20kw\/#primaryimage","url":"https:\/\/e-tranle.vn\/wp-content\/uploads\/2021\/10\/Fronius-Symo.jpg","contentUrl":"https:\/\/e-tranle.vn\/wp-content\/uploads\/2021\/10\/Fronius-Symo.jpg","width":600,"height":600},{"@type":"BreadcrumbList","@id":"https:\/\/e-tranle.vn\/en\/product\/inverter-fronius-symo-5-20kw\/#breadcrumb","itemListElement":[{"@type":"ListItem","position":1,"name":"Home","item":"https:\/\/e-tranle.vn\/en\/"},{"@type":"ListItem","position":2,"name":"Products","item":"https:\/\/e-tranle.vn\/en\/products\/"},{"@type":"ListItem","position":3,"name":"INVERTER FRONIUS SYMO 5-20KW"}]},{"@type":"WebSite","@id":"https:\/\/e-tranle.vn\/en\/#website","url":"https:\/\/e-tranle.vn\/en\/","name":"K\u1ef9 thu\u1eadt \u0111i\u1ec7n Tr\u1ea7n L\u00ea","description":"Gi\u1ea3i ph\u00e1p N\u0103ng L\u01b0\u1ee3ng \u0110i\u1ec7n","publisher":{"@id":"https:\/\/e-tranle.vn\/en\/#organization"},"potentialAction":[{"@type":"SearchAction","target":{"@type":"EntryPoint","urlTemplate":"https:\/\/e-tranle.vn\/en\/?s={search_term_string}"},"query-input":{"@type":"PropertyValueSpecification","valueRequired":true,"valueName":"search_term_string"}}],"inLanguage":"en-US"},{"@type":"Organization","@id":"https:\/\/e-tranle.vn\/en\/#organization","name":"K\u1ef9 thu\u1eadt \u0111i\u1ec7n Tr\u1ea7n L\u00ea","url":"https:\/\/e-tranle.vn\/en\/","logo":{"@type":"ImageObject","inLanguage":"en-US","@id":"https:\/\/e-tranle.vn\/en\/#\/schema\/logo\/image\/","url":"https:\/\/e-tranle.vn\/wp-content\/uploads\/2021\/11\/logo.png","contentUrl":"https:\/\/e-tranle.vn\/wp-content\/uploads\/2021\/11\/logo.png","width":204,"height":60,"caption":"K\u1ef9 thu\u1eadt \u0111i\u1ec7n Tr\u1ea7n L\u00ea"},"image":{"@id":"https:\/\/e-tranle.vn\/en\/#\/schema\/logo\/image\/"}}]}},"_links":{"self":[{"href":"https:\/\/e-tranle.vn\/en\/wp-json\/wp\/v2\/product\/2240","targetHints":{"allow":["GET"]}}],"collection":[{"href":"https:\/\/e-tranle.vn\/en\/wp-json\/wp\/v2\/product"}],"about":[{"href":"https:\/\/e-tranle.vn\/en\/wp-json\/wp\/v2\/types\/product"}],"replies":[{"embeddable":true,"href":"https:\/\/e-tranle.vn\/en\/wp-json\/wp\/v2\/comments?post=2240"}],"wp:featuredmedia":[{"embeddable":true,"href":"https:\/\/e-tranle.vn\/en\/wp-json\/wp\/v2\/media\/2241"}],"wp:attachment":[{"href":"https:\/\/e-tranle.vn\/en\/wp-json\/wp\/v2\/media?parent=2240"}],"wp:term":[{"taxonomy":"product_cat","embeddable":true,"href":"https:\/\/e-tranle.vn\/en\/wp-json\/wp\/v2\/product_cat?post=2240"},{"taxonomy":"product_tag","embeddable":true,"href":"https:\/\/e-tranle.vn\/en\/wp-json\/wp\/v2\/product_tag?post=2240"}],"curies":[{"name":"wp","href":"https:\/\/api.w.org\/{rel}","templated":true}]}}