{"id":3061,"date":"2023-10-12T14:10:33","date_gmt":"2023-10-12T07:10:33","guid":{"rendered":"https:\/\/e-tranle.vn\/product\/ac-quy-luu-tru-e-box-07-lithium\/"},"modified":"2023-10-12T14:10:33","modified_gmt":"2023-10-12T07:10:33","slug":"ac-quy-luu-tru-e-box-07-lithium","status":"publish","type":"product","link":"https:\/\/e-tranle.vn\/en\/product\/ac-quy-luu-tru-e-box-07-lithium\/","title":{"rendered":"\u1eaec quy l\u01b0u tr\u1eef E-box 07 lithium"},"content":{"rendered":"<p>\u1eaec quy l\u01b0u tr\u1eef E-Box 07 l\u00e0 \u1eafc quy lithium c\u00f3 hi\u1ec7u su\u1ea5t cao v\u00e0 ph\u00f9 h\u1ee3p v\u1edbi nhi\u1ec1u \u1ee9ng d\u1ee5ng l\u01b0u tr\u1eef.<\/p>\n<p>Nh\u1edd kh\u1ea3 n\u0103ng m\u1edf r\u1ed9ng t\u1ed1i \u0111a 16 b\u1ed9 k\u1ebft n\u1ed1i song song, s\u1eed d\u1ee5ng \u1eafc quy l\u01b0u tr\u1eef lithium E-Box mang l\u1ea1i gi\u1ea3i ph\u00e1p l\u01b0u tr\u1eef t\u1ed1i \u01b0u v\u00e0 hi\u1ec7u qu\u1ea3 nh\u1ea5t cho b\u1ea1n.<\/p>\n<p>S\u1ea3n ph\u1ea9m c\u00f3 k\u00edch th\u01b0\u1edbc nh\u1ecf g\u1ecdn h\u01a1n so v\u01a1i c\u00e1c lo\u1ea1i \u1eafc quy kh\u00e1c, d\u1ec5 d\u00e0ng l\u1eafp \u0111\u1eb7t v\u00e0 v\u1eadn chuy\u1ec3n.<\/p>\n<div id=\"attachment_3055\" style=\"width: 810px\" class=\"wp-caption aligncenter\"><a href=\"https:\/\/e-tranle.vn\/wp-content\/uploads\/2023\/10\/E-box-07-1.jpg\"><img fetchpriority=\"high\" decoding=\"async\" aria-describedby=\"caption-attachment-3055\" class=\"wp-image-3055 size-full\" src=\"https:\/\/e-tranle.vn\/wp-content\/uploads\/2023\/10\/E-box-07-1.jpg\" alt=\"\u1eaec quy l\u01b0u tr\u1eef E-box 07\" width=\"800\" height=\"600\" srcset=\"https:\/\/e-tranle.vn\/wp-content\/uploads\/2023\/10\/E-box-07-1.jpg 800w, https:\/\/e-tranle.vn\/wp-content\/uploads\/2023\/10\/E-box-07-1-300x225.jpg 300w, https:\/\/e-tranle.vn\/wp-content\/uploads\/2023\/10\/E-box-07-1-768x576.jpg 768w, https:\/\/e-tranle.vn\/wp-content\/uploads\/2023\/10\/E-box-07-1-600x450.jpg 600w\" sizes=\"(max-width: 800px) 100vw, 800px\" \/><\/a><p id=\"caption-attachment-3055\" class=\"wp-caption-text\">\u1eaec quy l\u01b0u tr\u1eef E-box 07<\/p><\/div>\n<p>C\u00f4ng su\u1ea5t \u0111\u1ecbnh m\u1ee9c: 7.17 kWh.<\/p>\n<p>C\u00f4ng su\u1ea5t s\u1eed d\u1ee5ng: 6.45 kWh.<\/p>\n<p>\u0110i\u1ec7n \u00e1p \u0111\u1ecbnh m\u1ee9c: 51.2 V.<\/p>\n<p>D\u1ea3i \u0111i\u1ec7n \u00e1p: 46.4 ~ 57.6 V.<\/p>\n<p>D\u00f2ng s\u1ea1c \u0111\u1ecbnh m\u1ee9c: 70 A.<\/p>\n<p>D\u00f2ng \u0111i\u1ec7n d\u1eebng s\u1ea1c: 130A.<\/p>\n<p>Nhi\u1ec7t \u0111\u1ed9 ho\u1ea1t \u0111\u1ed9ng: -5 &#8211; 50 \u00b0C<\/p>\n<p>Nhi\u1ec7t \u0111\u1ed9 b\u00ecnh th\u01b0\u1eddng: 10 &#8211; 30 \u00b0C.<\/p>\n<p>Hi\u1ec7u su\u1ea5t s\u1ea1c \/ x\u1ea3: &gt; 98%.<\/p>\n<p>C\u1ea5p \u0111\u1ed9 b\u1ea3o v\u1ec7: IP21.<\/p>\n<p>S\u1ed1 l\u1ea7n s\u1ea1c x\u1ea3: \u2265 6000 l\u1ea7n.<\/p>\n<p>Kh\u1ed1i l\u01b0\u1ee3ng: 47 kg.<\/p>\n<p>K\u00edch th\u01b0\u1edbc (L*W*h): 600*500*200 mm<\/p>\n<p>K\u1ebft n\u1ed1i: CAN\/ RS485.<\/p>\n<p>Kh\u1ea3 n\u0103ng m\u1edf r\u1ed9ng: T\u1ed1i \u0111a 16 b\u1ed9 k\u1ebft n\u1ed1i song song.<\/p>\n<p>Ki\u1ec3u l\u00e0m m\u00e1t: L\u00e0m m\u00e1t t\u1ef1 nhi\u00ean.<\/p>\n<p>\u0110\u1ed9 \u1ea9m ho\u1ea1t \u0111\u1ed9ng: 5% &#8211; 95%<\/p>\n<p><a href=\"https:\/\/e-tranle.vn\/en\/contact-us\/\">Li\u00ean h\u1ec7<\/a>\u00a0v\u1edbi\u00a0<a href=\"https:\/\/thietbidientranle.com\/danh-muc-san-pham\/ac-quy-lithium\/\">ch\u00fang t\u00f4i<\/a> \u0111\u1ec3 \u0111\u01b0\u1ee3c t\u01b0 v\u1ea5n s\u1ea3n ph\u1ea9m v\u00e0 b\u00e1o gi\u00e1 chi ti\u1ebft c\u00e1c s\u1ea3n ph\u1ea9m <a href=\"https:\/\/e-tranle.vn\/en\/products\/ac-quy-lithium-en\/\">\u1eaec quy lithium<\/a>, b\u1ed9 s\u1ea1c nhanh.<\/p>\n","protected":false},"excerpt":{"rendered":"<p>\u1eaec quy l\u01b0u tr\u1eef E-Box 07 l\u00e0 \u1eafc quy lithium c\u00f3 hi\u1ec7u su\u1ea5t cao v\u00e0 ph\u00f9 h\u1ee3p v\u1edbi nhi\u1ec1u \u1ee9ng d\u1ee5ng l\u01b0u tr\u1eef. Nh\u1edd kh\u1ea3 n\u0103ng m\u1edf r\u1ed9ng t\u1ed1i \u0111a 16 b\u1ed9 k\u1ebft n\u1ed1i song song, s\u1eed d\u1ee5ng \u1eafc quy [&hellip;]<\/p>\n","protected":false},"featured_media":3052,"comment_status":"open","ping_status":"closed","template":"","meta":[],"product_cat":[232,140],"product_tag":[233],"class_list":{"0":"post-3061","1":"product","2":"type-product","3":"status-publish","4":"has-post-thumbnail","6":"product_cat-ac-quy-lithium-en","7":"product_cat-energy-storage","8":"product_tag-ac-quy-lithium-en","10":"first","11":"instock","12":"shipping-taxable","13":"product-type-simple"},"acf":[],"yoast_head":"<!-- This site is optimized with the Yoast SEO plugin v23.7 - https:\/\/yoast.com\/wordpress\/plugins\/seo\/ -->\n<title>\u1eaec quy l\u01b0u tr\u1eef E-box 07 lithium - K\u1ef9 thu\u1eadt \u0111i\u1ec7n Tr\u1ea7n L\u00ea<\/title>\n<meta name=\"robots\" content=\"index, follow, max-snippet:-1, max-image-preview:large, max-video-preview:-1\" \/>\n<link rel=\"canonical\" href=\"https:\/\/e-tranle.vn\/en\/product\/ac-quy-luu-tru-e-box-07-lithium\/\" \/>\n<meta property=\"og:locale\" content=\"en_US\" \/>\n<meta property=\"og:type\" content=\"article\" \/>\n<meta property=\"og:title\" content=\"\u1eaec quy l\u01b0u tr\u1eef E-box 07 lithium - K\u1ef9 thu\u1eadt \u0111i\u1ec7n Tr\u1ea7n L\u00ea\" \/>\n<meta property=\"og:description\" content=\"\u1eaec quy l\u01b0u tr\u1eef E-Box 07 l\u00e0 \u1eafc quy lithium c\u00f3 hi\u1ec7u su\u1ea5t cao v\u00e0 ph\u00f9 h\u1ee3p v\u1edbi nhi\u1ec1u \u1ee9ng d\u1ee5ng l\u01b0u tr\u1eef. Nh\u1edd kh\u1ea3 n\u0103ng m\u1edf r\u1ed9ng t\u1ed1i \u0111a 16 b\u1ed9 k\u1ebft n\u1ed1i song song, s\u1eed d\u1ee5ng \u1eafc quy [&hellip;]\" \/>\n<meta property=\"og:url\" content=\"https:\/\/e-tranle.vn\/en\/product\/ac-quy-luu-tru-e-box-07-lithium\/\" \/>\n<meta property=\"og:site_name\" content=\"K\u1ef9 thu\u1eadt \u0111i\u1ec7n Tr\u1ea7n L\u00ea\" \/>\n<meta property=\"og:image\" content=\"https:\/\/e-tranle.vn\/wp-content\/uploads\/2023\/10\/E-box-07-1.jpg\" \/>\n<meta name=\"twitter:card\" content=\"summary_large_image\" \/>\n<meta name=\"twitter:label1\" content=\"Est. reading time\" \/>\n\t<meta name=\"twitter:data1\" content=\"2 minutes\" \/>\n<script type=\"application\/ld+json\" class=\"yoast-schema-graph\">{\"@context\":\"https:\/\/schema.org\",\"@graph\":[{\"@type\":\"WebPage\",\"@id\":\"https:\/\/e-tranle.vn\/en\/product\/ac-quy-luu-tru-e-box-07-lithium\/\",\"url\":\"https:\/\/e-tranle.vn\/en\/product\/ac-quy-luu-tru-e-box-07-lithium\/\",\"name\":\"\u1eaec quy l\u01b0u tr\u1eef E-box 07 lithium - K\u1ef9 thu\u1eadt \u0111i\u1ec7n Tr\u1ea7n L\u00ea\",\"isPartOf\":{\"@id\":\"https:\/\/e-tranle.vn\/en\/#website\"},\"primaryImageOfPage\":{\"@id\":\"https:\/\/e-tranle.vn\/en\/product\/ac-quy-luu-tru-e-box-07-lithium\/#primaryimage\"},\"image\":{\"@id\":\"https:\/\/e-tranle.vn\/en\/product\/ac-quy-luu-tru-e-box-07-lithium\/#primaryimage\"},\"thumbnailUrl\":\"https:\/\/e-tranle.vn\/wp-content\/uploads\/2023\/10\/E-box-07.jpg\",\"datePublished\":\"2023-10-12T07:10:33+00:00\",\"dateModified\":\"2023-10-12T07:10:33+00:00\",\"breadcrumb\":{\"@id\":\"https:\/\/e-tranle.vn\/en\/product\/ac-quy-luu-tru-e-box-07-lithium\/#breadcrumb\"},\"inLanguage\":\"en-US\",\"potentialAction\":[{\"@type\":\"ReadAction\",\"target\":[\"https:\/\/e-tranle.vn\/en\/product\/ac-quy-luu-tru-e-box-07-lithium\/\"]}]},{\"@type\":\"ImageObject\",\"inLanguage\":\"en-US\",\"@id\":\"https:\/\/e-tranle.vn\/en\/product\/ac-quy-luu-tru-e-box-07-lithium\/#primaryimage\",\"url\":\"https:\/\/e-tranle.vn\/wp-content\/uploads\/2023\/10\/E-box-07.jpg\",\"contentUrl\":\"https:\/\/e-tranle.vn\/wp-content\/uploads\/2023\/10\/E-box-07.jpg\",\"width\":600,\"height\":600},{\"@type\":\"BreadcrumbList\",\"@id\":\"https:\/\/e-tranle.vn\/en\/product\/ac-quy-luu-tru-e-box-07-lithium\/#breadcrumb\",\"itemListElement\":[{\"@type\":\"ListItem\",\"position\":1,\"name\":\"Home\",\"item\":\"https:\/\/e-tranle.vn\/en\/\"},{\"@type\":\"ListItem\",\"position\":2,\"name\":\"Products\",\"item\":\"https:\/\/e-tranle.vn\/en\/products\/\"},{\"@type\":\"ListItem\",\"position\":3,\"name\":\"\u1eaec quy l\u01b0u tr\u1eef E-box 07 lithium\"}]},{\"@type\":\"WebSite\",\"@id\":\"https:\/\/e-tranle.vn\/en\/#website\",\"url\":\"https:\/\/e-tranle.vn\/en\/\",\"name\":\"K\u1ef9 thu\u1eadt \u0111i\u1ec7n Tr\u1ea7n L\u00ea\",\"description\":\"Gi\u1ea3i ph\u00e1p N\u0103ng L\u01b0\u1ee3ng \u0110i\u1ec7n\",\"publisher\":{\"@id\":\"https:\/\/e-tranle.vn\/en\/#organization\"},\"potentialAction\":[{\"@type\":\"SearchAction\",\"target\":{\"@type\":\"EntryPoint\",\"urlTemplate\":\"https:\/\/e-tranle.vn\/en\/?s={search_term_string}\"},\"query-input\":{\"@type\":\"PropertyValueSpecification\",\"valueRequired\":true,\"valueName\":\"search_term_string\"}}],\"inLanguage\":\"en-US\"},{\"@type\":\"Organization\",\"@id\":\"https:\/\/e-tranle.vn\/en\/#organization\",\"name\":\"K\u1ef9 thu\u1eadt \u0111i\u1ec7n Tr\u1ea7n L\u00ea\",\"url\":\"https:\/\/e-tranle.vn\/en\/\",\"logo\":{\"@type\":\"ImageObject\",\"inLanguage\":\"en-US\",\"@id\":\"https:\/\/e-tranle.vn\/en\/#\/schema\/logo\/image\/\",\"url\":\"https:\/\/e-tranle.vn\/wp-content\/uploads\/2021\/11\/logo.png\",\"contentUrl\":\"https:\/\/e-tranle.vn\/wp-content\/uploads\/2021\/11\/logo.png\",\"width\":204,\"height\":60,\"caption\":\"K\u1ef9 thu\u1eadt \u0111i\u1ec7n Tr\u1ea7n L\u00ea\"},\"image\":{\"@id\":\"https:\/\/e-tranle.vn\/en\/#\/schema\/logo\/image\/\"}}]}<\/script>\n<!-- \/ Yoast SEO plugin. -->","yoast_head_json":{"title":"\u1eaec quy l\u01b0u tr\u1eef E-box 07 lithium - K\u1ef9 thu\u1eadt \u0111i\u1ec7n Tr\u1ea7n L\u00ea","robots":{"index":"index","follow":"follow","max-snippet":"max-snippet:-1","max-image-preview":"max-image-preview:large","max-video-preview":"max-video-preview:-1"},"canonical":"https:\/\/e-tranle.vn\/en\/product\/ac-quy-luu-tru-e-box-07-lithium\/","og_locale":"en_US","og_type":"article","og_title":"\u1eaec quy l\u01b0u tr\u1eef E-box 07 lithium - K\u1ef9 thu\u1eadt \u0111i\u1ec7n Tr\u1ea7n L\u00ea","og_description":"\u1eaec quy l\u01b0u tr\u1eef E-Box 07 l\u00e0 \u1eafc quy lithium c\u00f3 hi\u1ec7u su\u1ea5t cao v\u00e0 ph\u00f9 h\u1ee3p v\u1edbi nhi\u1ec1u \u1ee9ng d\u1ee5ng l\u01b0u tr\u1eef. Nh\u1edd kh\u1ea3 n\u0103ng m\u1edf r\u1ed9ng t\u1ed1i \u0111a 16 b\u1ed9 k\u1ebft n\u1ed1i song song, s\u1eed d\u1ee5ng \u1eafc quy [&hellip;]","og_url":"https:\/\/e-tranle.vn\/en\/product\/ac-quy-luu-tru-e-box-07-lithium\/","og_site_name":"K\u1ef9 thu\u1eadt \u0111i\u1ec7n Tr\u1ea7n L\u00ea","og_image":[{"url":"https:\/\/e-tranle.vn\/wp-content\/uploads\/2023\/10\/E-box-07-1.jpg"}],"twitter_card":"summary_large_image","twitter_misc":{"Est. reading time":"2 minutes"},"schema":{"@context":"https:\/\/schema.org","@graph":[{"@type":"WebPage","@id":"https:\/\/e-tranle.vn\/en\/product\/ac-quy-luu-tru-e-box-07-lithium\/","url":"https:\/\/e-tranle.vn\/en\/product\/ac-quy-luu-tru-e-box-07-lithium\/","name":"\u1eaec quy l\u01b0u tr\u1eef E-box 07 lithium - K\u1ef9 thu\u1eadt \u0111i\u1ec7n Tr\u1ea7n L\u00ea","isPartOf":{"@id":"https:\/\/e-tranle.vn\/en\/#website"},"primaryImageOfPage":{"@id":"https:\/\/e-tranle.vn\/en\/product\/ac-quy-luu-tru-e-box-07-lithium\/#primaryimage"},"image":{"@id":"https:\/\/e-tranle.vn\/en\/product\/ac-quy-luu-tru-e-box-07-lithium\/#primaryimage"},"thumbnailUrl":"https:\/\/e-tranle.vn\/wp-content\/uploads\/2023\/10\/E-box-07.jpg","datePublished":"2023-10-12T07:10:33+00:00","dateModified":"2023-10-12T07:10:33+00:00","breadcrumb":{"@id":"https:\/\/e-tranle.vn\/en\/product\/ac-quy-luu-tru-e-box-07-lithium\/#breadcrumb"},"inLanguage":"en-US","potentialAction":[{"@type":"ReadAction","target":["https:\/\/e-tranle.vn\/en\/product\/ac-quy-luu-tru-e-box-07-lithium\/"]}]},{"@type":"ImageObject","inLanguage":"en-US","@id":"https:\/\/e-tranle.vn\/en\/product\/ac-quy-luu-tru-e-box-07-lithium\/#primaryimage","url":"https:\/\/e-tranle.vn\/wp-content\/uploads\/2023\/10\/E-box-07.jpg","contentUrl":"https:\/\/e-tranle.vn\/wp-content\/uploads\/2023\/10\/E-box-07.jpg","width":600,"height":600},{"@type":"BreadcrumbList","@id":"https:\/\/e-tranle.vn\/en\/product\/ac-quy-luu-tru-e-box-07-lithium\/#breadcrumb","itemListElement":[{"@type":"ListItem","position":1,"name":"Home","item":"https:\/\/e-tranle.vn\/en\/"},{"@type":"ListItem","position":2,"name":"Products","item":"https:\/\/e-tranle.vn\/en\/products\/"},{"@type":"ListItem","position":3,"name":"\u1eaec quy l\u01b0u tr\u1eef E-box 07 lithium"}]},{"@type":"WebSite","@id":"https:\/\/e-tranle.vn\/en\/#website","url":"https:\/\/e-tranle.vn\/en\/","name":"K\u1ef9 thu\u1eadt \u0111i\u1ec7n Tr\u1ea7n L\u00ea","description":"Gi\u1ea3i ph\u00e1p N\u0103ng L\u01b0\u1ee3ng \u0110i\u1ec7n","publisher":{"@id":"https:\/\/e-tranle.vn\/en\/#organization"},"potentialAction":[{"@type":"SearchAction","target":{"@type":"EntryPoint","urlTemplate":"https:\/\/e-tranle.vn\/en\/?s={search_term_string}"},"query-input":{"@type":"PropertyValueSpecification","valueRequired":true,"valueName":"search_term_string"}}],"inLanguage":"en-US"},{"@type":"Organization","@id":"https:\/\/e-tranle.vn\/en\/#organization","name":"K\u1ef9 thu\u1eadt \u0111i\u1ec7n Tr\u1ea7n L\u00ea","url":"https:\/\/e-tranle.vn\/en\/","logo":{"@type":"ImageObject","inLanguage":"en-US","@id":"https:\/\/e-tranle.vn\/en\/#\/schema\/logo\/image\/","url":"https:\/\/e-tranle.vn\/wp-content\/uploads\/2021\/11\/logo.png","contentUrl":"https:\/\/e-tranle.vn\/wp-content\/uploads\/2021\/11\/logo.png","width":204,"height":60,"caption":"K\u1ef9 thu\u1eadt \u0111i\u1ec7n Tr\u1ea7n L\u00ea"},"image":{"@id":"https:\/\/e-tranle.vn\/en\/#\/schema\/logo\/image\/"}}]}},"_links":{"self":[{"href":"https:\/\/e-tranle.vn\/en\/wp-json\/wp\/v2\/product\/3061","targetHints":{"allow":["GET"]}}],"collection":[{"href":"https:\/\/e-tranle.vn\/en\/wp-json\/wp\/v2\/product"}],"about":[{"href":"https:\/\/e-tranle.vn\/en\/wp-json\/wp\/v2\/types\/product"}],"replies":[{"embeddable":true,"href":"https:\/\/e-tranle.vn\/en\/wp-json\/wp\/v2\/comments?post=3061"}],"wp:featuredmedia":[{"embeddable":true,"href":"https:\/\/e-tranle.vn\/en\/wp-json\/wp\/v2\/media\/3052"}],"wp:attachment":[{"href":"https:\/\/e-tranle.vn\/en\/wp-json\/wp\/v2\/media?parent=3061"}],"wp:term":[{"taxonomy":"product_cat","embeddable":true,"href":"https:\/\/e-tranle.vn\/en\/wp-json\/wp\/v2\/product_cat?post=3061"},{"taxonomy":"product_tag","embeddable":true,"href":"https:\/\/e-tranle.vn\/en\/wp-json\/wp\/v2\/product_tag?post=3061"}],"curies":[{"name":"wp","href":"https:\/\/api.w.org\/{rel}","templated":true}]}}